{"id":204,"date":"2024-01-03T14:13:42","date_gmt":"2024-01-03T14:13:42","guid":{"rendered":"https:\/\/ff-gambach-rohr-waal.de\/?page_id=204"},"modified":"2025-05-23T14:55:36","modified_gmt":"2025-05-23T12:55:36","slug":"impressum","status":"publish","type":"page","link":"https:\/\/ff-gambach-rohr-waal.de\/?page_id=204","title":{"rendered":"Impressum"},"content":{"rendered":"\n<h3 class=\"wp-block-heading\">Angaben gem\u00e4\u00df \u00a7 5 TMG<\/h3>\n\n\n\n<p>Freiwillige Feuerwehr Gambach-Rohr-Waal<\/p>\n\n\n\n<p>Rohr 58a <\/p>\n\n\n\n<p>85296 Rohrbach<\/p>\n\n\n\n<div style=\"height:30px\" aria-hidden=\"true\" class=\"wp-block-spacer\"><\/div>\n\n\n\n<h3 class=\"wp-block-heading\" id=\"m56\">Kontaktm\u00f6glichkeiten<\/h3>\n\n\n\n<p>E-Mail-Adresse: kontakt@ff-gambach-rohr-waal.de <\/p>\n\n\n\n<p>Telefon: +49 152 57 46 37 29<\/p>\n\n\n\n<div style=\"height:30px\" aria-hidden=\"true\" class=\"wp-block-spacer\"><\/div>\n\n\n\n<h3 class=\"wp-block-heading\" id=\"m153\">Vertretungsberechtigte Personen<\/h3>\n\n\n\n<p>Vertretungsberechtigt: Thomas Wildmoser (1. Kommandant)<\/p>\n\n\n\n<div style=\"height:30px\" aria-hidden=\"true\" class=\"wp-block-spacer\"><\/div>\n\n\n\n<h3 class=\"wp-block-heading\" id=\"m172\">Social Media und andere Onlinepr\u00e4senzen<\/h3>\n\n\n\n<p>Dieses Impressum gilt auch f\u00fcr die folgenden Social-Media-Pr\u00e4senzen und Onlineprofile:<\/p>\n\n\n\n<p><a href=\"https:\/\/www.instagram.com\/ff.gambach.rohr.waal\">https:\/\/www.instagram.com\/ff.gambach.rohr.waal<\/a><\/p>\n\n\n\n<p><a href=\"https:\/\/www.facebook.com\/ff.gambach.rohr.waal\">https:\/\/www.facebook.com\/ff.gambach.rohr.waal<\/a><\/p>\n\n\n\n<div style=\"height:30px\" aria-hidden=\"true\" class=\"wp-block-spacer\"><\/div>\n\n\n\n<h3 class=\"wp-block-heading\" id=\"m65\">Haftungs- und Schutzrechtshinweise<\/h3>\n\n\n\n<p>Haftungsausschluss: Die Inhalte dieses Onlineangebotes wurden sorgf\u00e4ltig und nach unserem aktuellen Kenntnisstand erstellt, dienen jedoch nur der Information und entfalten keine rechtlich bindende Wirkung, sofern es sich nicht um gesetzlich verpflichtende Informationen (z.&nbsp;B. das Impressum, die Datenschutzerkl\u00e4rung, AGB oder verpflichtende Belehrungen von Verbrauchern) handelt. Wir behalten uns vor, die Inhalte vollst\u00e4ndig oder teilweise zu \u00e4ndern oder zu l\u00f6schen, soweit vertragliche Verpflichtungen unber\u00fchrt bleiben. Alle Angebote sind freibleibend und unverbindlich.<\/p>\n\n\n\n<p>Links auf fremde Webseiten: Die Inhalte fremder Webseiten, auf die wir direkt oder indirekt verweisen, liegen au\u00dferhalb unseres Verantwortungsbereiches und wir machen sie uns nicht zu Eigen. F\u00fcr alle Inhalte und Nachteile, die aus der Nutzung der in den verlinkten Webseiten aufrufbaren Informationen entstehen, \u00fcbernehmen wir keine Verantwortung.<\/p>\n\n\n\n<p>Urheberrechte und Markenrechte: Alle auf dieser Website dargestellten Inhalte, wie Texte, Fotografien, Grafiken, Marken und Warenzeichen sind durch die jeweiligen Schutzrechte (Urheberrechte, Markenrechte) gesch\u00fctzt. Die Verwendung, Vervielf\u00e4ltigung usw. unterliegen unseren Rechten oder den Rechten der jeweiligen Urheber bzw. Rechteinhaber.<\/p>\n\n\n\n<p>Hinweise auf Rechtsverst\u00f6\u00dfe: Sollten Sie innerhalb unseres Internetauftritts Rechtsverst\u00f6\u00dfe bemerken, bitten wir Sie uns auf diese hinzuweisen. Wir werden rechtswidrige Inhalte und Links nach Kenntnisnahme unverz\u00fcglich entfernen.<\/p>\n\n\n\n<p><a href=\"https:\/\/datenschutz-generator.de\/\" target=\"_blank\" rel=\"noreferrer noopener\">Erstellt mit kostenlosem Datenschutz-Generator.de von Dr. Thomas Schwenke<\/a><\/p>\n","protected":false},"excerpt":{"rendered":"<p>Angaben gem\u00e4\u00df \u00a7 5 TMG Freiwillige Feuerwehr Gambach-Rohr-Waal Rohr 58a 85296 Rohrbach Kontaktm\u00f6glichkeiten E-Mail-Adresse: kontakt@ff-gambach-rohr-waal.de Telefon: +49 152 57 46 37 29 Vertretungsberechtigte Personen Vertretungsberechtigt: Thomas Wildmoser (1. Kommandant) Social Media und andere Onlinepr\u00e4senzen Dieses Impressum gilt auch f\u00fcr die folgenden Social-Media-Pr\u00e4senzen und Onlineprofile: https:\/\/www.instagram.com\/ff.gambach.rohr.waal https:\/\/www.facebook.com\/ff.gambach.rohr.waal Haftungs- und Schutzrechtshinweise Haftungsausschluss: [&hellip;]<\/p>\n","protected":false},"author":1,"featured_media":237,"parent":0,"menu_order":0,"comment_status":"closed","ping_status":"closed","template":"","meta":{"footnotes":""},"class_list":["post-204","page","type-page","status-publish","has-post-thumbnail","hentry"],"_links":{"self":[{"href":"https:\/\/ff-gambach-rohr-waal.de\/index.php?rest_route=\/wp\/v2\/pages\/204","targetHints":{"allow":["GET"]}}],"collection":[{"href":"https:\/\/ff-gambach-rohr-waal.de\/index.php?rest_route=\/wp\/v2\/pages"}],"about":[{"href":"https:\/\/ff-gambach-rohr-waal.de\/index.php?rest_route=\/wp\/v2\/types\/page"}],"author":[{"embeddable":true,"href":"https:\/\/ff-gambach-rohr-waal.de\/index.php?rest_route=\/wp\/v2\/users\/1"}],"replies":[{"embeddable":true,"href":"https:\/\/ff-gambach-rohr-waal.de\/index.php?rest_route=%2Fwp%2Fv2%2Fcomments&post=204"}],"version-history":[{"count":9,"href":"https:\/\/ff-gambach-rohr-waal.de\/index.php?rest_route=\/wp\/v2\/pages\/204\/revisions"}],"predecessor-version":[{"id":388,"href":"https:\/\/ff-gambach-rohr-waal.de\/index.php?rest_route=\/wp\/v2\/pages\/204\/revisions\/388"}],"wp:featuredmedia":[{"embeddable":true,"href":"https:\/\/ff-gambach-rohr-waal.de\/index.php?rest_route=\/wp\/v2\/media\/237"}],"wp:attachment":[{"href":"https:\/\/ff-gambach-rohr-waal.de\/index.php?rest_route=%2Fwp%2Fv2%2Fmedia&parent=204"}],"curies":[{"name":"wp","href":"https:\/\/api.w.org\/{rel}","templated":true}]}}