{"id":20,"date":"2024-01-02T12:04:14","date_gmt":"2024-01-02T12:04:14","guid":{"rendered":"https:\/\/ff-gambach-rohr-waal.de\/?page_id=20"},"modified":"2024-10-25T23:20:40","modified_gmt":"2024-10-25T21:20:40","slug":"kontakt","status":"publish","type":"page","link":"https:\/\/ff-gambach-rohr-waal.de\/?page_id=20","title":{"rendered":"Kontakt"},"content":{"rendered":"\n<h2 class=\"wp-block-heading has-medium-font-size\">Unsere Ansprechpartner<\/h2>\n\n\n\n<div class=\"wp-block-columns is-layout-flex wp-container-core-columns-is-layout-28f84493 wp-block-columns-is-layout-flex\">\n<div class=\"wp-block-column is-layout-flow wp-block-column-is-layout-flow\" style=\"flex-basis:33.33%\">\n<figure class=\"wp-block-image size-large is-resized\"><img loading=\"lazy\" decoding=\"async\" width=\"683\" height=\"1024\" src=\"http:\/\/ff-gambach-rohr-waal.de\/wp-content\/uploads\/2024\/10\/Portraets-1-683x1024.jpg\" alt=\"\" class=\"wp-image-370\" style=\"width:225px\" srcset=\"https:\/\/ff-gambach-rohr-waal.de\/wp-content\/uploads\/2024\/10\/Portraets-1-683x1024.jpg 683w, https:\/\/ff-gambach-rohr-waal.de\/wp-content\/uploads\/2024\/10\/Portraets-1-200x300.jpg 200w, https:\/\/ff-gambach-rohr-waal.de\/wp-content\/uploads\/2024\/10\/Portraets-1-768x1152.jpg 768w, https:\/\/ff-gambach-rohr-waal.de\/wp-content\/uploads\/2024\/10\/Portraets-1-1024x1536.jpg 1024w, https:\/\/ff-gambach-rohr-waal.de\/wp-content\/uploads\/2024\/10\/Portraets-1-1365x2048.jpg 1365w, https:\/\/ff-gambach-rohr-waal.de\/wp-content\/uploads\/2024\/10\/Portraets-1-scaled.jpg 1706w\" sizes=\"auto, (max-width: 683px) 100vw, 683px\" \/><\/figure>\n<\/div>\n\n\n\n<div class=\"wp-block-column is-layout-flow wp-block-column-is-layout-flow\" style=\"flex-basis:66.66%\">\n<h4 class=\"wp-block-heading\">Thomas Wildmoser<\/h4>\n\n\n\n<h6 class=\"wp-block-heading\">1. KOMMANDANT<\/h6>\n\n\n\n<p>Verantwortlich f\u00fcr die aktive Mannschaft der Feuerwehr Gambach-Rohr-Waal.<\/p>\n<\/div>\n<\/div>\n\n\n\n<div style=\"height:50px\" aria-hidden=\"true\" class=\"wp-block-spacer\"><\/div>\n\n\n\n<p><a href=\"http:\/\/kommandant@ff-gambach-rohr-waal.de\/\"><\/a><\/p>\n\n\n\n<div class=\"wp-block-columns is-layout-flex wp-container-core-columns-is-layout-28f84493 wp-block-columns-is-layout-flex\">\n<div class=\"wp-block-column is-layout-flow wp-block-column-is-layout-flow\" style=\"flex-basis:33.33%\">\n<figure class=\"wp-block-image size-large is-resized\"><img loading=\"lazy\" decoding=\"async\" width=\"683\" height=\"1024\" src=\"http:\/\/ff-gambach-rohr-waal.de\/wp-content\/uploads\/2024\/10\/Portraets-8-683x1024.jpg\" alt=\"\" class=\"wp-image-371\" style=\"width:225px\" srcset=\"https:\/\/ff-gambach-rohr-waal.de\/wp-content\/uploads\/2024\/10\/Portraets-8-683x1024.jpg 683w, https:\/\/ff-gambach-rohr-waal.de\/wp-content\/uploads\/2024\/10\/Portraets-8-200x300.jpg 200w, https:\/\/ff-gambach-rohr-waal.de\/wp-content\/uploads\/2024\/10\/Portraets-8-768x1152.jpg 768w, https:\/\/ff-gambach-rohr-waal.de\/wp-content\/uploads\/2024\/10\/Portraets-8-1024x1536.jpg 1024w, https:\/\/ff-gambach-rohr-waal.de\/wp-content\/uploads\/2024\/10\/Portraets-8-1365x2048.jpg 1365w, https:\/\/ff-gambach-rohr-waal.de\/wp-content\/uploads\/2024\/10\/Portraets-8-scaled.jpg 1706w\" sizes=\"auto, (max-width: 683px) 100vw, 683px\" \/><\/figure>\n<\/div>\n\n\n\n<div class=\"wp-block-column is-layout-flow wp-block-column-is-layout-flow\" style=\"flex-basis:66.66%\">\n<h4 class=\"wp-block-heading\">Tim Brummer<\/h4>\n\n\n\n<h6 class=\"wp-block-heading\">STELLV. KOMMANDANT<\/h6>\n\n\n\n<p>Verantwortlich f\u00fcr die aktive Mannschaft der Feuerwehr Gambach-Rohr-Waal als Stellvertreter f\u00fcr den Kommandanten.<\/p>\n<\/div>\n<\/div>\n\n\n\n<div style=\"height:50px\" aria-hidden=\"true\" class=\"wp-block-spacer\"><\/div>\n\n\n\n<p><a href=\"http:\/\/jugendwarte@ff-gambach-rohr-waal.de\/\"><\/a><\/p>\n\n\n\n<div class=\"wp-block-columns is-layout-flex wp-container-core-columns-is-layout-28f84493 wp-block-columns-is-layout-flex\">\n<div class=\"wp-block-column is-layout-flow wp-block-column-is-layout-flow\" style=\"flex-basis:33.33%\">\n<figure class=\"wp-block-image size-full is-resized\"><img loading=\"lazy\" decoding=\"async\" width=\"591\" height=\"591\" src=\"http:\/\/ff-gambach-rohr-waal.de\/wp-content\/uploads\/2024\/01\/Person-1.png\" alt=\"\" class=\"wp-image-66\" style=\"width:225px\" srcset=\"https:\/\/ff-gambach-rohr-waal.de\/wp-content\/uploads\/2024\/01\/Person-1.png 591w, https:\/\/ff-gambach-rohr-waal.de\/wp-content\/uploads\/2024\/01\/Person-1-300x300.png 300w, https:\/\/ff-gambach-rohr-waal.de\/wp-content\/uploads\/2024\/01\/Person-1-150x150.png 150w\" sizes=\"auto, (max-width: 591px) 100vw, 591px\" \/><\/figure>\n<\/div>\n\n\n\n<div class=\"wp-block-column is-layout-flow wp-block-column-is-layout-flow\" style=\"flex-basis:66.66%\">\n<h4 class=\"wp-block-heading\">Vinzenz Kamm<\/h4>\n\n\n\n<h6 class=\"wp-block-heading\">JUGENDWART<\/h6>\n\n\n\n<p>Verantwortlich f\u00fcr die Jugendarbeit in der Feuerwehr Gambach-Rohr-Waal.<\/p>\n<\/div>\n<\/div>\n","protected":false},"excerpt":{"rendered":"<p>Unsere Ansprechpartner Thomas Wildmoser 1. KOMMANDANT Verantwortlich f\u00fcr die aktive Mannschaft der Feuerwehr Gambach-Rohr-Waal. Tim Brummer STELLV. KOMMANDANT Verantwortlich f\u00fcr die aktive Mannschaft der Feuerwehr Gambach-Rohr-Waal als Stellvertreter f\u00fcr den Kommandanten. Vinzenz Kamm JUGENDWART Verantwortlich f\u00fcr die Jugendarbeit in der Feuerwehr Gambach-Rohr-Waal.<\/p>\n","protected":false},"author":1,"featured_media":0,"parent":0,"menu_order":0,"comment_status":"closed","ping_status":"closed","template":"","meta":{"footnotes":""},"class_list":["post-20","page","type-page","status-publish","hentry"],"_links":{"self":[{"href":"https:\/\/ff-gambach-rohr-waal.de\/index.php?rest_route=\/wp\/v2\/pages\/20","targetHints":{"allow":["GET"]}}],"collection":[{"href":"https:\/\/ff-gambach-rohr-waal.de\/index.php?rest_route=\/wp\/v2\/pages"}],"about":[{"href":"https:\/\/ff-gambach-rohr-waal.de\/index.php?rest_route=\/wp\/v2\/types\/page"}],"author":[{"embeddable":true,"href":"https:\/\/ff-gambach-rohr-waal.de\/index.php?rest_route=\/wp\/v2\/users\/1"}],"replies":[{"embeddable":true,"href":"https:\/\/ff-gambach-rohr-waal.de\/index.php?rest_route=%2Fwp%2Fv2%2Fcomments&post=20"}],"version-history":[{"count":4,"href":"https:\/\/ff-gambach-rohr-waal.de\/index.php?rest_route=\/wp\/v2\/pages\/20\/revisions"}],"predecessor-version":[{"id":376,"href":"https:\/\/ff-gambach-rohr-waal.de\/index.php?rest_route=\/wp\/v2\/pages\/20\/revisions\/376"}],"wp:attachment":[{"href":"https:\/\/ff-gambach-rohr-waal.de\/index.php?rest_route=%2Fwp%2Fv2%2Fmedia&parent=20"}],"curies":[{"name":"wp","href":"https:\/\/api.w.org\/{rel}","templated":true}]}}