{"id":17,"date":"2024-01-02T12:04:14","date_gmt":"2024-01-02T12:04:14","guid":{"rendered":"https:\/\/ff-gambach-rohr-waal.de\/?page_id=17"},"modified":"2024-07-18T22:43:23","modified_gmt":"2024-07-18T20:43:23","slug":"gebaeude","status":"publish","type":"page","link":"https:\/\/ff-gambach-rohr-waal.de\/?page_id=17","title":{"rendered":"Geb\u00e4ude"},"content":{"rendered":"\n<p><strong>Neues Ger\u00e4tehaus <\/strong>(Rohr 49a)<\/p>\n\n\n\n<figure class=\"wp-block-image size-large\"><img loading=\"lazy\" decoding=\"async\" width=\"1024\" height=\"768\" src=\"https:\/\/ff-gambach-rohr-waal.de\/wp-content\/uploads\/2024\/01\/8423b24b-551e-4020-803e-f2407e979f24-1-1024x768.jpg\" alt=\"\" class=\"wp-image-122\" srcset=\"https:\/\/ff-gambach-rohr-waal.de\/wp-content\/uploads\/2024\/01\/8423b24b-551e-4020-803e-f2407e979f24-1-1024x768.jpg 1024w, https:\/\/ff-gambach-rohr-waal.de\/wp-content\/uploads\/2024\/01\/8423b24b-551e-4020-803e-f2407e979f24-1-300x225.jpg 300w, https:\/\/ff-gambach-rohr-waal.de\/wp-content\/uploads\/2024\/01\/8423b24b-551e-4020-803e-f2407e979f24-1-768x576.jpg 768w, https:\/\/ff-gambach-rohr-waal.de\/wp-content\/uploads\/2024\/01\/8423b24b-551e-4020-803e-f2407e979f24-1-1536x1152.jpg 1536w, https:\/\/ff-gambach-rohr-waal.de\/wp-content\/uploads\/2024\/01\/8423b24b-551e-4020-803e-f2407e979f24-1.jpg 2048w\" sizes=\"auto, (max-width: 1024px) 100vw, 1024px\" \/><\/figure>\n\n\n\n<p>Tempor\u00e4re L\u00f6sung f\u00fcr die Gemeinschaftswehr dient lediglich als Stellpl\u00e4tze f\u00fcr das L\u00f6schfahrzeug und den Mannschaftstransportwagen &#8211; keine Sozialr\u00e4ume vorhanden (u.a. kein flie\u00dfendes Wasser)<\/p>\n\n\n\n<div style=\"height:50px\" aria-hidden=\"true\" class=\"wp-block-spacer\"><\/div>\n\n\n\n<p><strong>Feuerwehrhaus Gambach<\/strong> (Gambach 7)<\/p>\n\n\n\n<figure class=\"wp-block-image size-large\"><img loading=\"lazy\" decoding=\"async\" width=\"1356\" height=\"1017\" src=\"https:\/\/ff-gambach-rohr-waal.de\/wp-content\/uploads\/2024\/01\/bee9860a-0f47-4763-a3fb-a79f848b4719-edited.jpg\" alt=\"\" class=\"wp-image-123\" srcset=\"https:\/\/ff-gambach-rohr-waal.de\/wp-content\/uploads\/2024\/01\/bee9860a-0f47-4763-a3fb-a79f848b4719-edited.jpg 1356w, https:\/\/ff-gambach-rohr-waal.de\/wp-content\/uploads\/2024\/01\/bee9860a-0f47-4763-a3fb-a79f848b4719-edited-300x225.jpg 300w, https:\/\/ff-gambach-rohr-waal.de\/wp-content\/uploads\/2024\/01\/bee9860a-0f47-4763-a3fb-a79f848b4719-edited-1024x768.jpg 1024w, https:\/\/ff-gambach-rohr-waal.de\/wp-content\/uploads\/2024\/01\/bee9860a-0f47-4763-a3fb-a79f848b4719-edited-768x576.jpg 768w\" sizes=\"auto, (max-width: 1356px) 100vw, 1356px\" \/><\/figure>\n\n\n\n<div style=\"height:50px\" aria-hidden=\"true\" class=\"wp-block-spacer\"><\/div>\n\n\n\n<p><strong>Feuerwehrhaus Rohr<\/strong> (Rohr 39)<\/p>\n\n\n\n<figure class=\"wp-block-image size-large\"><img loading=\"lazy\" decoding=\"async\" width=\"1059\" height=\"795\" src=\"https:\/\/ff-gambach-rohr-waal.de\/wp-content\/uploads\/2024\/01\/ff-haus-rohr-edited.jpg\" alt=\"\" class=\"wp-image-125\" srcset=\"https:\/\/ff-gambach-rohr-waal.de\/wp-content\/uploads\/2024\/01\/ff-haus-rohr-edited.jpg 1059w, https:\/\/ff-gambach-rohr-waal.de\/wp-content\/uploads\/2024\/01\/ff-haus-rohr-edited-300x225.jpg 300w, https:\/\/ff-gambach-rohr-waal.de\/wp-content\/uploads\/2024\/01\/ff-haus-rohr-edited-1024x769.jpg 1024w, https:\/\/ff-gambach-rohr-waal.de\/wp-content\/uploads\/2024\/01\/ff-haus-rohr-edited-768x577.jpg 768w\" sizes=\"auto, (max-width: 1059px) 100vw, 1059px\" \/><\/figure>\n\n\n\n<div style=\"height:50px\" aria-hidden=\"true\" class=\"wp-block-spacer\"><\/div>\n\n\n\n<p><strong>Feuerwehrhaus Waal<\/strong> (Waal 8)<\/p>\n\n\n\n<figure class=\"wp-block-image size-large\"><img loading=\"lazy\" decoding=\"async\" width=\"1024\" height=\"646\" src=\"https:\/\/ff-gambach-rohr-waal.de\/wp-content\/uploads\/2024\/07\/grafik-1-1024x646.png\" alt=\"\" class=\"wp-image-343\" srcset=\"https:\/\/ff-gambach-rohr-waal.de\/wp-content\/uploads\/2024\/07\/grafik-1-1024x646.png 1024w, https:\/\/ff-gambach-rohr-waal.de\/wp-content\/uploads\/2024\/07\/grafik-1-300x189.png 300w, https:\/\/ff-gambach-rohr-waal.de\/wp-content\/uploads\/2024\/07\/grafik-1-768x484.png 768w, https:\/\/ff-gambach-rohr-waal.de\/wp-content\/uploads\/2024\/07\/grafik-1.png 1080w\" sizes=\"auto, (max-width: 1024px) 100vw, 1024px\" \/><\/figure>\n\n\n\n<div style=\"height:100px\" aria-hidden=\"true\" class=\"wp-block-spacer\"><\/div>\n","protected":false},"excerpt":{"rendered":"<p>Neues Ger\u00e4tehaus (Rohr 49a) Tempor\u00e4re L\u00f6sung f\u00fcr die Gemeinschaftswehr dient lediglich als Stellpl\u00e4tze f\u00fcr das L\u00f6schfahrzeug und den Mannschaftstransportwagen &#8211; keine Sozialr\u00e4ume vorhanden (u.a. kein flie\u00dfendes Wasser) Feuerwehrhaus Gambach (Gambach 7) Feuerwehrhaus Rohr (Rohr 39) Feuerwehrhaus Waal (Waal 8)<\/p>\n","protected":false},"author":1,"featured_media":117,"parent":0,"menu_order":0,"comment_status":"closed","ping_status":"closed","template":"","meta":{"footnotes":""},"class_list":["post-17","page","type-page","status-publish","has-post-thumbnail","hentry"],"_links":{"self":[{"href":"https:\/\/ff-gambach-rohr-waal.de\/index.php?rest_route=\/wp\/v2\/pages\/17","targetHints":{"allow":["GET"]}}],"collection":[{"href":"https:\/\/ff-gambach-rohr-waal.de\/index.php?rest_route=\/wp\/v2\/pages"}],"about":[{"href":"https:\/\/ff-gambach-rohr-waal.de\/index.php?rest_route=\/wp\/v2\/types\/page"}],"author":[{"embeddable":true,"href":"https:\/\/ff-gambach-rohr-waal.de\/index.php?rest_route=\/wp\/v2\/users\/1"}],"replies":[{"embeddable":true,"href":"https:\/\/ff-gambach-rohr-waal.de\/index.php?rest_route=%2Fwp%2Fv2%2Fcomments&post=17"}],"version-history":[{"count":4,"href":"https:\/\/ff-gambach-rohr-waal.de\/index.php?rest_route=\/wp\/v2\/pages\/17\/revisions"}],"predecessor-version":[{"id":344,"href":"https:\/\/ff-gambach-rohr-waal.de\/index.php?rest_route=\/wp\/v2\/pages\/17\/revisions\/344"}],"wp:featuredmedia":[{"embeddable":true,"href":"https:\/\/ff-gambach-rohr-waal.de\/index.php?rest_route=\/wp\/v2\/media\/117"}],"wp:attachment":[{"href":"https:\/\/ff-gambach-rohr-waal.de\/index.php?rest_route=%2Fwp%2Fv2%2Fmedia&parent=17"}],"curies":[{"name":"wp","href":"https:\/\/api.w.org\/{rel}","templated":true}]}}