{"id":16,"date":"2024-01-02T12:04:14","date_gmt":"2024-01-02T12:04:14","guid":{"rendered":"https:\/\/ff-gambach-rohr-waal.de\/?page_id=16"},"modified":"2024-01-03T13:59:23","modified_gmt":"2024-01-03T13:59:23","slug":"aufgaben","status":"publish","type":"page","link":"https:\/\/ff-gambach-rohr-waal.de\/?page_id=16","title":{"rendered":"Aufgaben"},"content":{"rendered":"\n<p>Die Aufgaben unserer Feuerwehr sind vielseitig und reichen von der Brandbek\u00e4mpfung \u00fcber die Hilfe bei Arbeits-, Verkehrs- und Schienenunf\u00e4llen hin zur Hilfeleistung bei Unwetterereignissen.<\/p>\n\n\n\n<div style=\"height:10px\" aria-hidden=\"true\" class=\"wp-block-spacer\"><\/div>\n\n\n\n<p>Insbesondere die Jugendarbeit unserer Jugendfeuerwehr \u00fcbernimmt durch die Nachwuchsf\u00f6rderung einen gro\u00dfen Beitrag zur fr\u00fchen Brandschutzaufkl\u00e4rung und -sensiblisierung. Erg\u00e4nzt durch kleine Veranstaltungen in den Kinder bis 12 Jahren zum Thema Feuerwehr aufgekl\u00e4rt werden.<\/p>\n\n\n\n<p><\/p>\n","protected":false},"excerpt":{"rendered":"<p>Die Aufgaben unserer Feuerwehr sind vielseitig und reichen von der Brandbek\u00e4mpfung \u00fcber die Hilfe bei Arbeits-, Verkehrs- und Schienenunf\u00e4llen hin zur Hilfeleistung bei Unwetterereignissen. Insbesondere die Jugendarbeit unserer Jugendfeuerwehr \u00fcbernimmt durch die Nachwuchsf\u00f6rderung einen gro\u00dfen Beitrag zur fr\u00fchen Brandschutzaufkl\u00e4rung und -sensiblisierung. Erg\u00e4nzt durch kleine Veranstaltungen in den Kinder bis 12 [&hellip;]<\/p>\n","protected":false},"author":1,"featured_media":198,"parent":0,"menu_order":0,"comment_status":"closed","ping_status":"closed","template":"","meta":{"footnotes":""},"class_list":["post-16","page","type-page","status-publish","has-post-thumbnail","hentry"],"_links":{"self":[{"href":"https:\/\/ff-gambach-rohr-waal.de\/index.php?rest_route=\/wp\/v2\/pages\/16","targetHints":{"allow":["GET"]}}],"collection":[{"href":"https:\/\/ff-gambach-rohr-waal.de\/index.php?rest_route=\/wp\/v2\/pages"}],"about":[{"href":"https:\/\/ff-gambach-rohr-waal.de\/index.php?rest_route=\/wp\/v2\/types\/page"}],"author":[{"embeddable":true,"href":"https:\/\/ff-gambach-rohr-waal.de\/index.php?rest_route=\/wp\/v2\/users\/1"}],"replies":[{"embeddable":true,"href":"https:\/\/ff-gambach-rohr-waal.de\/index.php?rest_route=%2Fwp%2Fv2%2Fcomments&post=16"}],"version-history":[{"count":3,"href":"https:\/\/ff-gambach-rohr-waal.de\/index.php?rest_route=\/wp\/v2\/pages\/16\/revisions"}],"predecessor-version":[{"id":202,"href":"https:\/\/ff-gambach-rohr-waal.de\/index.php?rest_route=\/wp\/v2\/pages\/16\/revisions\/202"}],"wp:featuredmedia":[{"embeddable":true,"href":"https:\/\/ff-gambach-rohr-waal.de\/index.php?rest_route=\/wp\/v2\/media\/198"}],"wp:attachment":[{"href":"https:\/\/ff-gambach-rohr-waal.de\/index.php?rest_route=%2Fwp%2Fv2%2Fmedia&parent=16"}],"curies":[{"name":"wp","href":"https:\/\/api.w.org\/{rel}","templated":true}]}}