{"id":140,"date":"2024-01-03T00:06:19","date_gmt":"2024-01-03T00:06:19","guid":{"rendered":"https:\/\/ff-gambach-rohr-waal.de\/?page_id=140"},"modified":"2024-04-09T11:25:26","modified_gmt":"2024-04-09T09:25:26","slug":"wald-und-vegetationsbrandgefahr","status":"publish","type":"page","link":"https:\/\/ff-gambach-rohr-waal.de\/?page_id=140","title":{"rendered":"Wald- und Vegetationsbrandgefahr"},"content":{"rendered":"\n<p class=\"has-medium-font-size\"><strong>Waldbrandfeuerindex<\/strong><\/p>\n\n\n\n<p>Index des meteorologischen Potentials f\u00fcr die Gef\u00e4hrdung durch Waldbrand<\/p>\n\n\n\n<p><\/p>\n\n\n\n<center><img decoding=\"async\" src=\"https:\/\/www.dwd.de\/DWD\/warnungen\/agrar\/wbx\/wbx_stationen.png\"><\/center>\n\n\n\n<p><\/p>\n\n\n\n<p><\/p>\n\n\n\n<div style=\"height:60px\" aria-hidden=\"true\" class=\"wp-block-spacer\"><\/div>\n\n\n\n<p class=\"has-medium-font-size\"><strong>Graslandfeuerindex<\/strong><\/p>\n\n\n\n<p>Index f\u00fcr die Feuergef\u00e4hrdung von offenem Gel\u00e4nde<\/p>\n\n\n\n<center><img decoding=\"async\" src=\"https:\/\/www.dwd.de\/DWD\/warnungen\/agrar\/glfi\/glfi_stationen.png\"><\/center>\n\n\n\n<p><\/p>\n\n\n\n<div style=\"height:40px\" aria-hidden=\"true\" class=\"wp-block-spacer\"><\/div>\n\n\n\n<p>Weitere Informationen findet ihr auf der Seite des Deutschen Wetterdienstes:<\/p>\n\n\n\n<p><a href=\"https:\/\/www.dwd.de\/DE\/leistungen\/waldbrandgef\/waldbrandgef.html\">Deutscher Wetterdienst &#8211; Waldbrandgefahrenindex<\/a><\/p>\n\n\n\n<p><a href=\"https:\/\/www.dwd.de\/DE\/leistungen\/graslandfi\/graslandfi.html;jsessionid=D5E6697BD08D3F550C455725B2C57BA1.live11053?nn=16102\">Deutscher Wetterdienst &#8211; Graslandfeuerindex<\/a><\/p>\n","protected":false},"excerpt":{"rendered":"<p>Waldbrandfeuerindex Index des meteorologischen Potentials f\u00fcr die Gef\u00e4hrdung durch Waldbrand Graslandfeuerindex Index f\u00fcr die Feuergef\u00e4hrdung von offenem Gel\u00e4nde Weitere Informationen findet ihr auf der Seite des Deutschen Wetterdienstes: Deutscher Wetterdienst &#8211; Waldbrandgefahrenindex Deutscher Wetterdienst &#8211; Graslandfeuerindex<\/p>\n","protected":false},"author":1,"featured_media":198,"parent":0,"menu_order":0,"comment_status":"closed","ping_status":"closed","template":"","meta":{"footnotes":""},"class_list":["post-140","page","type-page","status-publish","has-post-thumbnail","hentry"],"_links":{"self":[{"href":"https:\/\/ff-gambach-rohr-waal.de\/index.php?rest_route=\/wp\/v2\/pages\/140","targetHints":{"allow":["GET"]}}],"collection":[{"href":"https:\/\/ff-gambach-rohr-waal.de\/index.php?rest_route=\/wp\/v2\/pages"}],"about":[{"href":"https:\/\/ff-gambach-rohr-waal.de\/index.php?rest_route=\/wp\/v2\/types\/page"}],"author":[{"embeddable":true,"href":"https:\/\/ff-gambach-rohr-waal.de\/index.php?rest_route=\/wp\/v2\/users\/1"}],"replies":[{"embeddable":true,"href":"https:\/\/ff-gambach-rohr-waal.de\/index.php?rest_route=%2Fwp%2Fv2%2Fcomments&post=140"}],"version-history":[{"count":13,"href":"https:\/\/ff-gambach-rohr-waal.de\/index.php?rest_route=\/wp\/v2\/pages\/140\/revisions"}],"predecessor-version":[{"id":331,"href":"https:\/\/ff-gambach-rohr-waal.de\/index.php?rest_route=\/wp\/v2\/pages\/140\/revisions\/331"}],"wp:featuredmedia":[{"embeddable":true,"href":"https:\/\/ff-gambach-rohr-waal.de\/index.php?rest_route=\/wp\/v2\/media\/198"}],"wp:attachment":[{"href":"https:\/\/ff-gambach-rohr-waal.de\/index.php?rest_route=%2Fwp%2Fv2%2Fmedia&parent=140"}],"curies":[{"name":"wp","href":"https:\/\/api.w.org\/{rel}","templated":true}]}}