{"id":12,"date":"2024-01-02T12:04:14","date_gmt":"2024-01-02T12:04:14","guid":{"rendered":"https:\/\/ff-gambach-rohr-waal.de\/?page_id=12"},"modified":"2024-07-18T22:36:52","modified_gmt":"2024-07-18T20:36:52","slug":"aufgabeneinsaetze","status":"publish","type":"page","link":"https:\/\/ff-gambach-rohr-waal.de\/?page_id=12","title":{"rendered":"Unsere Feuerwehr"},"content":{"rendered":"\n<p>Die Feuerwehr Gambach-Rohr-Waal kann auf eine knapp 150-j\u00e4hrige Feuerwehrgeschichte zur\u00fcckblicken. Die Anf\u00e4nge der im M\u00e4rz 2021 aus den Feuerwehren Gambach, Rohr und Waal entstandene Gemeinschaftsfeuerwehr Gambach-Rohr-Waal reichen bis in das Jahr 1874 zur\u00fcck. In diesem Jahr entstand die Feuerwehr Waal. Ein Jahr sp\u00e4ter die Feuerwehr Rohr. Im gleichen Zeitraum ebenso die Feuerwehr Gambach. <\/p>\n\n\n\n<div style=\"height:30px\" aria-hidden=\"true\" class=\"wp-block-spacer\"><\/div>\n\n\n\n<p class=\"has-medium-font-size\"><strong>Die letzten Jahre im R\u00fcckblick <\/strong><\/p>\n\n\n\n<p><em>05\/2023<\/em> Feuerwehr Waal wird als L\u00f6schgruppe komplett in die Gemeinschaftswehr integriert<\/p>\n\n\n\n<p><em>11\/2022<\/em> Indienststellung Mannschaftstransportwagen (MTW)<\/p>\n\n\n\n<p><em>05\/2021<\/em> Indienststellung L\u00f6schfahrzeug (LF8\/6 )<\/p>\n\n\n\n<p><em>03\/2021<\/em> Feuerwehren Gambach und Rohr fusionieren und werden durch Kameraden aus Waal erg\u00e4nzt<\/p>\n\n\n<div class=\"wp-block-image\">\n<figure class=\"aligncenter size-large is-resized\"><img loading=\"lazy\" decoding=\"async\" width=\"1024\" height=\"682\" src=\"https:\/\/ff-gambach-rohr-waal.de\/wp-content\/uploads\/2024\/07\/FFW-Gambach-Waal-Rohr-1-1024x682.jpg\" alt=\"\" class=\"wp-image-333\" style=\"width:840px;height:auto\" srcset=\"https:\/\/ff-gambach-rohr-waal.de\/wp-content\/uploads\/2024\/07\/FFW-Gambach-Waal-Rohr-1-1024x682.jpg 1024w, https:\/\/ff-gambach-rohr-waal.de\/wp-content\/uploads\/2024\/07\/FFW-Gambach-Waal-Rohr-1-300x200.jpg 300w, https:\/\/ff-gambach-rohr-waal.de\/wp-content\/uploads\/2024\/07\/FFW-Gambach-Waal-Rohr-1-768x511.jpg 768w, https:\/\/ff-gambach-rohr-waal.de\/wp-content\/uploads\/2024\/07\/FFW-Gambach-Waal-Rohr-1-1536x1023.jpg 1536w, https:\/\/ff-gambach-rohr-waal.de\/wp-content\/uploads\/2024\/07\/FFW-Gambach-Waal-Rohr-1-2048x1364.jpg 2048w, https:\/\/ff-gambach-rohr-waal.de\/wp-content\/uploads\/2024\/07\/FFW-Gambach-Waal-Rohr-1-360x240.jpg 360w\" sizes=\"auto, (max-width: 1024px) 100vw, 1024px\" \/><figcaption class=\"wp-element-caption\"><sub>Die frisch gew\u00e4hlte <strong>Mannschaft <\/strong>der <strong>Freiwilligen Feuerwehr Gambach-Rohr-Waal<\/strong> &#8211; Mittwoch, 24.03.2021.<\/sub><br><sub>Auf dem Bild v.l.n.r. Christian Keck (1. B\u00fcrgermeister), Alexander Spies (Leiter Atemschutz), Tim Brummer (Stellvertretender Kommandant), Robert Mair (L\u00f6schgruppenf\u00fchrer Rohr), Thomas Wildmoser (1. Kommandant), Winfried Seidler (Ger\u00e4tewart), Vinzenz Kamm (Jugendwart), Christian Nitschke (Kreisbrandinspekteur), Armin Wiesbeck (Kreisbrandrat), Sascha Welnhofer (1. Kommandant FF Rohrbach)<\/sub><\/figcaption><\/figure>\n<\/div>\n\n\n<div style=\"height:30px\" aria-hidden=\"true\" class=\"wp-block-spacer\"><\/div>\n\n\n\n<p class=\"has-medium-font-size\"><strong>Kommandanten der Feuerwehr Gambach-Rohr-Waal<\/strong><\/p>\n\n\n\n<p>Seit <strong>03\/2021<\/strong> als gemeinsame Feuerwehr Gambach-Rohr-Waal<\/p>\n\n\n\n<p>Thomas Wildmoser (Kdt.)<\/p>\n\n\n\n<p>Tim Brummer (Stv. Kdt.)<\/p>\n\n\n\n<div style=\"height:20px\" aria-hidden=\"true\" class=\"wp-block-spacer\"><\/div>\n\n\n\n<div class=\"wp-block-columns is-layout-flex wp-container-core-columns-is-layout-28f84493 wp-block-columns-is-layout-flex\">\n<div class=\"wp-block-column is-layout-flow wp-block-column-is-layout-flow\">\n<p class=\"has-medium-font-size\"><strong>Gambach<\/strong><\/p>\n\n\n\n<p><strong>2020 bis 03\/2021<\/strong><\/p>\n\n\n\n<p>Tim Brummer (Kdt.)<\/p>\n\n\n\n<p>Benedikt Penker (Stv. Kdt.)<\/p>\n\n\n\n<div style=\"height:20px\" aria-hidden=\"true\" class=\"wp-block-spacer\"><\/div>\n\n\n\n<p><strong>1992 bis 2020<\/strong><\/p>\n\n\n\n<p>Erwin Brummer (Kdt.)<\/p>\n\n\n\n<p>Peter Euskirchen (Stv. Kdt.)<\/p>\n\n\n\n<div style=\"height:20px\" aria-hidden=\"true\" class=\"wp-block-spacer\"><\/div>\n\n\n\n<p><strong>1987 bis 1992<\/strong><\/p>\n\n\n\n<p>Michael Breitmoser jun. (Kdt.)<\/p>\n\n\n\n<p> <\/p>\n\n\n\n<div style=\"height:20px\" aria-hidden=\"true\" class=\"wp-block-spacer\"><\/div>\n\n\n\n<p><strong>1972 bis 1987<\/strong><\/p>\n\n\n\n<p>Anton Gra\u00dfl (Kdt.)<\/p>\n\n\n\n<p> <\/p>\n\n\n\n<div style=\"height:20px\" aria-hidden=\"true\" class=\"wp-block-spacer\"><\/div>\n\n\n\n<p><strong>1971 bis 1972<\/strong><\/p>\n\n\n\n<p>Johann Kiermeier (Kdt.)<\/p>\n\n\n\n<p> <\/p>\n\n\n\n<div style=\"height:20px\" aria-hidden=\"true\" class=\"wp-block-spacer\"><\/div>\n\n\n\n<p><strong>1953 bis 1971<\/strong><\/p>\n\n\n\n<p>Peter Rebstock (Kdt.)<\/p>\n\n\n\n<p> <\/p>\n\n\n\n<div style=\"height:20px\" aria-hidden=\"true\" class=\"wp-block-spacer\"><\/div>\n\n\n\n<p><strong>vor 1953<\/strong><\/p>\n\n\n\n<p>Keine Daten vorliegend<\/p>\n\n\n\n<p> <\/p>\n\n\n\n<div style=\"height:20px\" aria-hidden=\"true\" class=\"wp-block-spacer\"><\/div>\n\n\n\n<p><\/p>\n<\/div>\n\n\n\n<div class=\"wp-block-column is-layout-flow wp-block-column-is-layout-flow\">\n<p class=\"has-medium-font-size\"><strong>Rohr<\/strong><\/p>\n\n\n\n<p><strong>2020 bis 03\/2021<\/strong><\/p>\n\n\n\n<p>Thomas Wildmoser (Kdt.)<\/p>\n\n\n\n<p>Winfried Seidler (Stv. Kdt.)<\/p>\n\n\n\n<div style=\"height:20px\" aria-hidden=\"true\" class=\"wp-block-spacer\"><\/div>\n\n\n\n<p><strong>1998 bis 2020<\/strong><\/p>\n\n\n\n<p>Peter Hartl (Kdt.)<\/p>\n\n\n\n<p>Erwin Sch\u00f6ffmann (Stv. Kdt.)<\/p>\n\n\n\n<div style=\"height:20px\" aria-hidden=\"true\" class=\"wp-block-spacer\"><\/div>\n\n\n\n<p><strong>1980 bis 1998<\/strong><\/p>\n\n\n\n<p>Albert Schweiger (Kdt.)<\/p>\n\n\n\n<p> <\/p>\n\n\n\n<div style=\"height:20px\" aria-hidden=\"true\" class=\"wp-block-spacer\"><\/div>\n\n\n\n<p><strong>1958 bis 1980<\/strong><\/p>\n\n\n\n<p>Anton Rottmair (Kdt.)<\/p>\n\n\n\n<p> <\/p>\n\n\n\n<div style=\"height:20px\" aria-hidden=\"true\" class=\"wp-block-spacer\"><\/div>\n\n\n\n<p><strong>1875 bis 1958<\/strong><\/p>\n\n\n\n<p>Ferdinand Randlshofer (Kdt.)<\/p>\n\n\n\n<p>Alois Winter (Kdt.)<\/p>\n\n\n\n<p>Anton Thalmeier (Kdt.)<\/p>\n\n\n\n<div style=\"height:20px\" aria-hidden=\"true\" class=\"wp-block-spacer\"><\/div>\n\n\n\n<p><\/p>\n\n\n\n<p><\/p>\n<\/div>\n\n\n\n<div class=\"wp-block-column is-layout-flow wp-block-column-is-layout-flow\">\n<p class=\"has-medium-font-size\"><strong>Waal<\/strong><\/p>\n\n\n\n<p><strong>2005 bis 05\/2023<\/strong><\/p>\n\n\n\n<p>Johann Burghard (Kdt.)<\/p>\n\n\n\n<p>Maximilian Daniel (Stv. Kdt.)<\/p>\n\n\n\n<div style=\"height:20px\" aria-hidden=\"true\" class=\"wp-block-spacer\"><\/div>\n\n\n\n<p><strong>1993 bis 2005<\/strong><\/p>\n\n\n\n<p>Josef Brummer (Kdt.)<\/p>\n\n\n\n<p>Johann Burghard (Stv. Kdt.)<\/p>\n\n\n\n<div style=\"height:20px\" aria-hidden=\"true\" class=\"wp-block-spacer\"><\/div>\n\n\n\n<p><strong>1987 bis 1993<\/strong><\/p>\n\n\n\n<p>Josef Burghard jun. (Kdt.)<\/p>\n\n\n\n<p> <\/p>\n\n\n\n<div style=\"height:20px\" aria-hidden=\"true\" class=\"wp-block-spacer\"><\/div>\n\n\n\n<p><strong><strong>1960 bis 1976<\/strong><\/strong><\/p>\n\n\n\n<p>Josef Kellermann (Kdt.)<\/p>\n\n\n\n<p> <\/p>\n\n\n\n<div style=\"height:20px\" aria-hidden=\"true\" class=\"wp-block-spacer\"><\/div>\n\n\n\n<p><strong>1946 bis 1960<\/strong><\/p>\n\n\n\n<p>Karl Weber sen. (Kdt.)<\/p>\n\n\n\n<p> <\/p>\n\n\n\n<div style=\"height:20px\" aria-hidden=\"true\" class=\"wp-block-spacer\"><\/div>\n\n\n\n<p><strong>1887 bis 1893<\/strong><\/p>\n\n\n\n<p>Martin Kellermann (Kdt.)<\/p>\n\n\n\n<p> <\/p>\n\n\n\n<div style=\"height:20px\" aria-hidden=\"true\" class=\"wp-block-spacer\"><\/div>\n\n\n\n<p><strong>1882 bis 1887<\/strong><\/p>\n\n\n\n<p>Johann Weber (Kdt.)<\/p>\n\n\n\n<p> <\/p>\n\n\n\n<div style=\"height:20px\" aria-hidden=\"true\" class=\"wp-block-spacer\"><\/div>\n\n\n\n<p><strong>1874 bis 1882<\/strong><\/p>\n\n\n\n<p>Josef Brummer (Kdt.)<\/p>\n\n\n\n<p> <\/p>\n\n\n\n<p><\/p>\n<\/div>\n<\/div>\n\n\n\n<p><\/p>\n\n\n\n<p><\/p>\n","protected":false},"excerpt":{"rendered":"<p>Die Feuerwehr Gambach-Rohr-Waal kann auf eine knapp 150-j\u00e4hrige Feuerwehrgeschichte zur\u00fcckblicken. Die Anf\u00e4nge der im M\u00e4rz 2021 aus den Feuerwehren Gambach, Rohr und Waal entstandene Gemeinschaftsfeuerwehr Gambach-Rohr-Waal reichen bis in das Jahr 1874 zur\u00fcck. In diesem Jahr entstand die Feuerwehr Waal. Ein Jahr sp\u00e4ter die Feuerwehr Rohr. Im gleichen Zeitraum ebenso [&hellip;]<\/p>\n","protected":false},"author":1,"featured_media":91,"parent":0,"menu_order":0,"comment_status":"closed","ping_status":"closed","template":"","meta":{"footnotes":""},"class_list":["post-12","page","type-page","status-publish","has-post-thumbnail","hentry"],"_links":{"self":[{"href":"https:\/\/ff-gambach-rohr-waal.de\/index.php?rest_route=\/wp\/v2\/pages\/12","targetHints":{"allow":["GET"]}}],"collection":[{"href":"https:\/\/ff-gambach-rohr-waal.de\/index.php?rest_route=\/wp\/v2\/pages"}],"about":[{"href":"https:\/\/ff-gambach-rohr-waal.de\/index.php?rest_route=\/wp\/v2\/types\/page"}],"author":[{"embeddable":true,"href":"https:\/\/ff-gambach-rohr-waal.de\/index.php?rest_route=\/wp\/v2\/users\/1"}],"replies":[{"embeddable":true,"href":"https:\/\/ff-gambach-rohr-waal.de\/index.php?rest_route=%2Fwp%2Fv2%2Fcomments&post=12"}],"version-history":[{"count":11,"href":"https:\/\/ff-gambach-rohr-waal.de\/index.php?rest_route=\/wp\/v2\/pages\/12\/revisions"}],"predecessor-version":[{"id":339,"href":"https:\/\/ff-gambach-rohr-waal.de\/index.php?rest_route=\/wp\/v2\/pages\/12\/revisions\/339"}],"wp:featuredmedia":[{"embeddable":true,"href":"https:\/\/ff-gambach-rohr-waal.de\/index.php?rest_route=\/wp\/v2\/media\/91"}],"wp:attachment":[{"href":"https:\/\/ff-gambach-rohr-waal.de\/index.php?rest_route=%2Fwp%2Fv2%2Fmedia&parent=12"}],"curies":[{"name":"wp","href":"https:\/\/api.w.org\/{rel}","templated":true}]}}